{"id":31,"date":"2021-10-14T23:31:01","date_gmt":"2021-10-14T23:31:01","guid":{"rendered":"https:\/\/www.tz-bakar.hr\/bakarski-vodonosa\/bakarski-vodonosa\/"},"modified":"2024-03-05T14:32:37","modified_gmt":"2024-03-05T13:32:37","slug":"bakarski-vodonosa","status":"publish","type":"page","link":"https:\/\/www.tz-bakar.hr\/bakarski-vodonosa\/","title":{"rendered":"Bakarski vodono\u0161a &#8211; audio slikovnica"},"content":{"rendered":"<p>Bakarski vodono\u0161a<br \/>\nTZ Grada Bakra objavila tiskanu i zvu\u010dnu slikovnicu posve\u0107enu slijepom bakarskom vodono\u0161i Ivanu \u010copu<\/p>\n<p>Poslu\u0161ajte audio slikovnicu<br \/>\n<a href=\"https:\/\/youtu.be\/Grbjc3kdJXg\"><img loading=\"lazy\" decoding=\"async\" height=\"96\" src=\"https:\/\/www.tz-bakar.hr\/bakarski-vodonosa\/slike\/2024\/03\/play.png\" width=\"97\" \/><\/a><\/p>\n<p>Pro\u010ditajte slikovnicu online<br \/>\nCroatian<\/p>\n<p>English<\/p>\n","protected":false},"excerpt":{"rendered":"<p class=\"excerpt\">Bakarski vodono\u0161a TZ Grada Bakra objavila tiskanu i zvu\u010dnu slikovnicu posve\u0107enu slijepom bakarskom vodono\u0161i Ivanu \u010copu Poslu\u0161ajte audio slikovnicu Pro\u010ditajte slikovnicu online Croatian English<\/p>\n","protected":false},"author":1,"featured_media":0,"parent":0,"menu_order":0,"comment_status":"closed","ping_status":"closed","template":"builder.php","meta":{"footnotes":"","_links_to":"","_links_to_target":""},"class_list":["post-31","page","type-page","status-publish","hentry"],"aioseo_notices":[],"_links":{"self":[{"href":"https:\/\/www.tz-bakar.hr\/bakarski-vodonosa\/wp-json\/wp\/v2\/pages\/31","targetHints":{"allow":["GET"]}}],"collection":[{"href":"https:\/\/www.tz-bakar.hr\/bakarski-vodonosa\/wp-json\/wp\/v2\/pages"}],"about":[{"href":"https:\/\/www.tz-bakar.hr\/bakarski-vodonosa\/wp-json\/wp\/v2\/types\/page"}],"author":[{"embeddable":true,"href":"https:\/\/www.tz-bakar.hr\/bakarski-vodonosa\/wp-json\/wp\/v2\/users\/1"}],"replies":[{"embeddable":true,"href":"https:\/\/www.tz-bakar.hr\/bakarski-vodonosa\/wp-json\/wp\/v2\/comments?post=31"}],"version-history":[{"count":33,"href":"https:\/\/www.tz-bakar.hr\/bakarski-vodonosa\/wp-json\/wp\/v2\/pages\/31\/revisions"}],"predecessor-version":[{"id":164,"href":"https:\/\/www.tz-bakar.hr\/bakarski-vodonosa\/wp-json\/wp\/v2\/pages\/31\/revisions\/164"}],"wp:attachment":[{"href":"https:\/\/www.tz-bakar.hr\/bakarski-vodonosa\/wp-json\/wp\/v2\/media?parent=31"}],"curies":[{"name":"wp","href":"https:\/\/api.w.org\/{rel}","templated":true}]}}